{"id":2597,"date":"2026-03-24T16:42:33","date_gmt":"2026-03-24T08:42:33","guid":{"rendered":"https:\/\/ioniabag.com\/?page_id=2597"},"modified":"2026-04-08T11:25:51","modified_gmt":"2026-04-08T03:25:51","slug":"privacy-policy","status":"publish","type":"page","link":"https:\/\/ioniabag.com\/tr\/privacy-policy\/","title":{"rendered":"Privacy Policy"},"content":{"rendered":"<h2 class=\"wp-block-heading\">Biz kimiz<\/h2>\r\n\r\n\r\n\r\n<p><strong class=\"privacy-policy-tutorial\">\u00d6nerilen metin: <\/strong>Web sitemizin adresi: https:\/\/ioniabag.com.<\/p>\r\n\r\n\r\n\r\n<h2 class=\"wp-block-heading\">Yorumlar<\/h2>\r\n\r\n\r\n\r\n<p><strong class=\"privacy-policy-tutorial\">\u00d6nerilen metin: <\/strong>Ziyaret\u00e7iler sitede yorum b\u0131rakt\u0131\u011f\u0131nda, yorum formunda g\u00f6sterilen verileri topluyoruz ve ayr\u0131ca ziyaret\u00e7inin IP adresini ve taray\u0131c\u0131 kullan\u0131c\u0131 ajan dizesini spam tespiti i\u00e7in yard\u0131mc\u0131 olmak amac\u0131yla topluyoruz.<\/p>\r\n\r\n\r\n\r\n<p>E-posta adresinizden olu\u015fturulan anonimle\u015ftirilmi\u015f bir dize (ayn\u0131 zamanda hash olarak da adland\u0131r\u0131l\u0131r) kullan\u0131yorsan\u0131z g\u00f6rmek i\u00e7in Gravatar hizmetine sa\u011flanabilir. Gravatar hizmetinin gizlilik politikas\u0131 burada mevcuttur: https:\/\/automattic.com\/privacy\/. Yorumunuz onayland\u0131ktan sonra, profil resminiz yorumunuzun ba\u011flam\u0131nda halka a\u00e7\u0131k olarak g\u00f6r\u00fcn\u00fcr.<\/p>\r\n\r\n\r\n\r\n<h2 class=\"wp-block-heading\">Medya<\/h2>\r\n\r\n\r\n\r\n<p><strong class=\"privacy-policy-tutorial\">\u00d6nerilen metin: <\/strong>Web sitesine resim y\u00fckledi\u011finizde, yerle\u015fik konum verileri (EXIF GPS) i\u00e7eren resimlerin y\u00fcklenmesinden ka\u00e7\u0131nmal\u0131s\u0131n\u0131z. Web sitesine gelen ziyaret\u00e7iler, web sitesindeki resimlerden herhangi bir konum verisini indirebilir ve \u00e7\u0131kartabilir.<\/p>\r\n\r\n\r\n\r\n<h2 class=\"wp-block-heading\">\u00c7erezler<\/h2>\r\n\r\n\r\n\r\n<p><strong class=\"privacy-policy-tutorial\">\u00d6nerilen metin: <\/strong>Sitemizde bir yorum b\u0131rak\u0131rsan\u0131z, ad\u0131n\u0131z\u0131, e-posta adresinizi ve web sitenizi \u00e7erezlerde saklamay\u0131 isteyebilirsiniz. Bu, ba\u015fka bir yorum b\u0131rakt\u0131\u011f\u0131n\u0131zda bilgilerinizi tekrar doldurmak zorunda kalmaman\u0131z i\u00e7indir. Bu \u00e7erezler bir y\u0131l s\u00fcresince ge\u00e7erlidir.<\/p>\r\n\r\n\r\n\r\n<p>Giri\u015f sayfam\u0131z\u0131 ziyaret etti\u011finizde, taray\u0131c\u0131n\u0131z\u0131n \u00e7erezleri kabul edip etmedi\u011fini belirlemek i\u00e7in ge\u00e7ici bir \u00e7erez ayarlayaca\u011f\u0131z. Bu \u00e7erez, hi\u00e7bir ki\u015fisel veri i\u00e7ermez ve taray\u0131c\u0131n\u0131z\u0131 kapatt\u0131\u011f\u0131n\u0131zda silinir.<\/p>\r\n\r\n\r\n\r\n<p>Giri\u015f yapt\u0131\u011f\u0131n\u0131zda, oturum a\u00e7ma bilgilerinizi ve ekran g\u00f6r\u00fcnt\u00fcleme tercihlerinizi saklamak i\u00e7in birka\u00e7 \u00e7erez daha ayarlayaca\u011f\u0131z. Giri\u015f \u00e7erezleri iki g\u00fcn boyunca ge\u00e7erli kal\u0131r, ekran se\u00e7enekleri \u00e7erezleri bir y\u0131l boyunca ge\u00e7erlidir. &#8220;Beni Hat\u0131rla&#8221; se\u00e7ene\u011fini belirlerseniz, oturum a\u00e7ma bilgileri iki hafta boyunca kal\u0131c\u0131 olacakt\u0131r. Hesab\u0131n\u0131zdan \u00e7\u0131k\u0131\u015f yapt\u0131\u011f\u0131n\u0131zda, giri\u015f \u00e7erezleri silinecektir.<\/p>\r\n\r\n\r\n\r\n<p>Bir makaleyi d\u00fczenler veya yay\u0131nlarsan\u0131z, taray\u0131c\u0131n\u0131zda ek bir \u00e7erez saklanacakt\u0131r. Bu \u00e7erez, hi\u00e7bir ki\u015fisel veri i\u00e7ermez ve sadece yeni d\u00fczenledi\u011finiz makalenin post ID'sini belirtir. 1 g\u00fcn sonra s\u00fcresi dolacakt\u0131r.<\/p>\r\n\r\n\r\n\r\n<h2 class=\"wp-block-heading\">Di\u011fer web sitelerinden g\u00f6m\u00fcl\u00fc i\u00e7erik<\/h2>\r\n\r\n\r\n\r\n<p><strong class=\"privacy-policy-tutorial\">\u00d6nerilen metin: <\/strong>Bu sitedeki makaleler, g\u00f6m\u00fcl\u00fc i\u00e7erik (\u00f6rne\u011fin, videolar, resimler, makaleler vb.) i\u00e7erebilir. Di\u011fer web sitelerinden gelen g\u00f6m\u00fcl\u00fc i\u00e7erik, ziyaret\u00e7inin di\u011fer web sitesini ziyaret etmi\u015f gibi tam olarak ayn\u0131 \u015fekilde davran\u0131r.<\/p>\r\n\r\n\r\n\r\n<p>Bu web siteleri, sizinle ilgili veri toplayabilir, \u00e7erez kullanabilir, ek \u00fc\u00e7\u00fcnc\u00fc taraf izleme g\u00f6merek ve g\u00f6m\u00fcl\u00fc i\u00e7erik ile etkile\u015fiminizi izleyebilir, ayr\u0131ca e\u011fer bir hesab\u0131n\u0131z varsa ve bu web sitesine giri\u015f yapt\u0131ysan\u0131z g\u00f6m\u00fcl\u00fc i\u00e7erikle etkile\u015fiminizi takip edebilir.<\/p>\r\n\r\n\r\n\r\n<h2 class=\"wp-block-heading\">Verilerinizi kiminle payla\u015f\u0131yoruz<\/h2>\r\n\r\n\r\n\r\n<p><strong class=\"privacy-policy-tutorial\">\u00d6nerilen metin: <\/strong>Bir \u015fifre s\u0131f\u0131rlama talep ederseniz, IP adresiniz s\u0131f\u0131rlama e-postas\u0131nda yer alacakt\u0131r.<\/p>\r\n\r\n\r\n\r\n<h2 class=\"wp-block-heading\">Verilerinizi ne kadar s\u00fcreyle sakl\u0131yoruz<\/h2>\r\n\r\n\r\n\r\n<p><strong class=\"privacy-policy-tutorial\">\u00d6nerilen metin: <\/strong>Bir yorum b\u0131rak\u0131rsan\u0131z, yorum ve onun meta verileri s\u0131n\u0131rs\u0131z s\u00fcreyle saklan\u0131r. Bu, takip eden yorumlar\u0131 otomatik olarak tan\u0131y\u0131p onaylayabilmemiz i\u00e7indir, bunun yerine bunlar\u0131 bir moderasyon bekleme listesinde tutmak zorunda kalmay\u0131z.<\/p>\r\n\r\n\r\n\r\n<p>Web sitemizde kay\u0131tl\u0131 kullan\u0131c\u0131lar (varsa), kullan\u0131c\u0131 profillerinde sa\u011flad\u0131klar\u0131 ki\u015fisel bilgileri de saklar\u0131z. T\u00fcm kullan\u0131c\u0131lar, ki\u015fisel bilgilerini istedikleri zaman g\u00f6rebilir, d\u00fczenleyebilir veya silebilirler (\u00e7\u00fcnk\u00fc kullan\u0131c\u0131 adlar\u0131n\u0131 de\u011fi\u015ftiremezler). Web sitesi y\u00f6neticileri de bu bilgileri g\u00f6rebilir ve d\u00fczenleyebilir.<\/p>\r\n\r\n\r\n\r\n<h2 class=\"wp-block-heading\">Verileriniz \u00fczerinde ne haklar\u0131n\u0131z var<\/h2>\r\n\r\n\r\n\r\n<p><strong class=\"privacy-policy-tutorial\">\u00d6nerilen metin: <\/strong>E\u011fer bu sitede bir hesab\u0131n\u0131z varsa veya yorum b\u0131rakm\u0131\u015fsan\u0131z, sizinle ilgili tuttu\u011fumuz ki\u015fisel verilerin bir d\u0131\u015fa aktar\u0131m dosyas\u0131n\u0131 almak i\u00e7in talepte bulunabilirsiniz; bu, bize sa\u011flad\u0131\u011f\u0131n\u0131z verileri de i\u00e7ermektedir. Ayr\u0131ca, sizinle ilgili tuttu\u011fumuz herhangi bir ki\u015fisel veriyi silmemizi isteyebilirsiniz. Bu, idari, hukuki veya g\u00fcvenlik ama\u00e7lar\u0131yla saklamak zorunda oldu\u011fumuz verileri i\u00e7ermez.<\/p>\r\n\r\n\r\n\r\n<h2 class=\"wp-block-heading\">Verileriniz nereye g\u00f6nderilir<\/h2>\r\n\r\n\r\n\r\n<p><strong class=\"privacy-policy-tutorial\">\u00d6nerilen metin: <\/strong>Ziyaret\u00e7ilerin yorumlar\u0131, otomatik spam tespiti hizmeti arac\u0131l\u0131\u011f\u0131yla kontrol edilebilir.<\/p>\r\n\r\n<p>&nbsp;<\/p>","protected":false},"excerpt":{"rendered":"<p>Who we are Suggested text: Our website address is: https:\/\/ioniabag.com. Comments Suggested text: When visitors leave comments on the site we collect the data shown in the comments form, and also the visitor\u2019s IP address and browser user agent string to help spam detection. An anonymized string created from your email address (also called a [&hellip;]<\/p>\n","protected":false},"author":1,"featured_media":0,"parent":0,"menu_order":0,"comment_status":"closed","ping_status":"closed","template":"privacy.php","meta":{"_acf_changed":false,"footnotes":""},"class_list":["post-2597","page","type-page","status-publish","hentry"],"acf":[],"_links":{"self":[{"href":"https:\/\/ioniabag.com\/tr\/wp-json\/wp\/v2\/pages\/2597","targetHints":{"allow":["GET"]}}],"collection":[{"href":"https:\/\/ioniabag.com\/tr\/wp-json\/wp\/v2\/pages"}],"about":[{"href":"https:\/\/ioniabag.com\/tr\/wp-json\/wp\/v2\/types\/page"}],"author":[{"embeddable":true,"href":"https:\/\/ioniabag.com\/tr\/wp-json\/wp\/v2\/users\/1"}],"replies":[{"embeddable":true,"href":"https:\/\/ioniabag.com\/tr\/wp-json\/wp\/v2\/comments?post=2597"}],"version-history":[{"count":2,"href":"https:\/\/ioniabag.com\/tr\/wp-json\/wp\/v2\/pages\/2597\/revisions"}],"predecessor-version":[{"id":2684,"href":"https:\/\/ioniabag.com\/tr\/wp-json\/wp\/v2\/pages\/2597\/revisions\/2684"}],"wp:attachment":[{"href":"https:\/\/ioniabag.com\/tr\/wp-json\/wp\/v2\/media?parent=2597"}],"curies":[{"name":"wp","href":"https:\/\/api.w.org\/{rel}","templated":true}]}}